{"id":5,"date":"2017-11-04T16:00:29","date_gmt":"2017-11-04T15:00:29","guid":{"rendered":"http:\/\/baptysci-wrzesnia.pl\/web\/?page_id=5"},"modified":"2019-08-05T20:01:20","modified_gmt":"2019-08-05T18:01:20","slug":"o-nas","status":"publish","type":"page","link":"http:\/\/baptysci-wrzesnia.pl\/index.php\/o-nas\/","title":{"rendered":"O nas"},"content":{"rendered":"<p><span style=\"color: #000000;\"><strong>Kim s\u0105 bapty\u015bci?<\/strong><\/span><\/p>\n<p><span style=\"color: #000000;\">Ko\u015bci\u00f3\u0142 Chrze\u015bcijan Baptyst\u00f3w to wsp\u00f3lnota ludzi,<\/span><\/p>\n<ol>\n<li><span style=\"color: #000000;\">kt\u00f3rzy do\u015bwiadczyli nowych duchowych narodzin pod wp\u0142ywem dzia\u0142ania Ducha Bo\u017cego,<\/span><\/li>\n<li><span style=\"color: #000000;\">uwa\u017caj\u0105, \u017ce Pismo \u015awi\u0119te jest wa\u017cniejsze ni\u017c autorytet Ko\u015bcio\u0142a,<\/span><\/li>\n<li><span style=\"color: #000000;\">zwiastuj\u0105 Dobr\u0105 Nowin\u0119 o tym, \u017ce dzi\u0119ki \u015bmierci Pana Jezusa Chrystusa B\u00f3g chce zbawi\u0107 ka\u017cdego cz\u0142owieka oraz \u017ce ka\u017cdemu cz\u0142owiekowi daje mo\u017cliwo\u015b\u0107 \u017cycia wed\u0142ug prostej prawdy Ewangelii.<\/span><\/li>\n<\/ol>\n<p><span style=\"color: #000000;\">Kilka s\u0142\u00f3w komentarza: Jako bapty\u015bci nie lubimy s\u0142owa religia. Nowy Testament przekonuje nas bowiem, \u017ce chrze\u015bcija\u0144stwo to nie religia obok innych religii, lecz \u017cycie Chrystusa w cz\u0142owieku i \u017cycie cz\u0142owieka w Chrystusie, to ca\u0142kowicie nowa jako\u015b\u0107 \u017cycia. Niekt\u00f3rzy robi\u0105 z chrze\u015bcija\u0144stwa religi\u0119, ale wtedy to ju\u017c tylko chrze\u015bcijanizm.<\/span><\/p>\n<p><span style=\"color: #000000;\">Narodzenie z Ducha \u015awi\u0119tego to konkretne prze\u017cycie, kt\u00f3rego istot\u0105 jest wszczepienie Ducha \u015awi\u0119tego w istot\u0119 cz\u0142owieka.<\/span><\/p>\n<p><span style=\"color: #000000;\">Pismo \u015awi\u0119te jest dla nas norm\u0105 wszelkich norm. O tym, jakie ksi\u0119gi wchodz\u0105 w jego sk\u0142ad, nie Ko\u015bci\u00f3\u0142 zadecydowa\u0142; on jedynie rozpozna\u0142 i uzna\u0142 spoczywaj\u0105ce na nich znami\u0119 natchnienia.<\/span><\/p>\n<p><span style=\"color: #000000;\">Zbawionym mo\u017ce by\u0107 ka\u017cdy. Istot\u0105 zbawienia, kt\u00f3re prze\u017cywamy ju\u017c tu, na ziemi, a nie dopiero po \u015bmierci, jest Duch \u015awi\u0119ty w cz\u0142owieku, jak to okre\u015bli\u0142 Aposto\u0142 Pawe\u0142: Z Chrystusem jestem ukrzy\u017cowany, \u017cyj\u0119 wi\u0119c ju\u017c nie ja, \u017cyje we mnie Chrystus (List do Galacjan 2,20).<\/span><\/p>\n<p><span style=\"color: #000000;\">A co z wype\u0142nianiem przykaza\u0144? Ot\u00f3\u017c wiemy, \u017ce istot\u0105 przykazania nie jest to, \u017ce ono zabrania, lecz to, \u017ce w Chrystusie nareszcie skutecznie dozwala. Na przyk\u0142ad nie chodzi o to, \u017ce nie wolno nam zabija\u0107, lecz o to, \u017ce wolno nam nie zabija\u0107. Chodzi tu zatem nie o nakaz, lecz o szans\u0119; nie o obowi\u0105zek, lecz o obietnic\u0119.<\/span><\/p>\n<p><span style=\"color: #000000;\">Nie mamy podzia\u0142u na kler i laikat. Konsekwentnie obstajemy przy nowotestamentowej zasadzie powszechnego kap\u0142a\u0144stwa. Zgodnie z Nowym Testamentem nikomu &#8211; nawet tzw. duchownym &#8211; nie zabraniamy wst\u0119powania w zwi\u0105zek ma\u0142\u017ce\u0144ski.<\/span><\/p>\n<p><span style=\"color: #000000;\">Odrzucamy spowied\u017a, po\u015brednictwo wszelkich innych postaci poza Panem Jezusem Chrystusem, kult obraz\u00f3w, \u015bwi\u0119tych miejsc, zwierzchnictwo papie\u017ca i istot\u0119 papiestwa w og\u00f3lno\u015bci.<\/span><\/p>\n<p><span style=\"color: #000000;\">W sprawach politycznych opowiadamy si\u0119 za rozdzia\u0142em Ko\u015bcio\u0142a od pa\u0144stwa. Rozdzia\u0142 nie oznacza jednak dla nas wrogo\u015bci; oznacza neutralno\u015b\u0107 pa\u0144stwa wobec przekona\u0144 obywateli, dla kt\u00f3rych stanowi ono dobro wsp\u00f3lne. Nauczamy, \u017ce Ko\u015bci\u00f3\u0142 i w\u0142adze \u015bwieckie funkcjonuj\u0105 w obr\u0119bie dw\u00f3ch r\u00f3\u017cnych sfer rzeczywisto\u015bci: Ko\u015bci\u00f3\u0142 jest w \u015bwiecie, lecz nie nale\u017cy do \u015bwiata; w\u0142adze \u015bwieckie nale\u017c\u0105 do \u015bwiata jako wyraz jego zorganizowania.<\/span><\/p>\n<p><span style=\"color: #000000;\">Z tej racji Ko\u015bci\u00f3\u0142 winien oddzia\u0142ywa\u0107 na w\u0142adze \u015bwieckie, podobnie zreszt\u0105 jak i na ca\u0142\u0105 spo\u0142eczno\u015b\u0107 \u015bwiata, wszelkimi, zgodnymi z jego natur\u0105, sposobami. W\u0142adze \u015bwieckie za\u015b, cho\u0107 mog\u0105 korzysta\u0107 z pos\u0142ug w\u0142a\u015bciwych cz\u0142onkom Ko\u015bcio\u0142a i rozlicza\u0107 ich jako obywateli, nie powinny ro\u015bci\u0107 sobie praw do wp\u0142ywania na nauczanie, ustr\u00f3j i misj\u0119 Ko\u015bcio\u0142a.<\/span><\/p>\n<p><span style=\"color: #000000;\">Jak zawsze opowiadamy si\u0119 za poszanowaniem wolno\u015bci osobistej cz\u0142owieka. Nikogo nie prze\u015bladowali\u015bmy, cho\u0107 nas prze\u015bladowano, przyczynili\u015bmy si\u0119 do zniesienia niewolnictwa, odrzucamy rasizm (pastor Martin Luter King, laureat nagrody Nobla, przep\u0142aci\u0142 to \u017cyciem), zwiastuj\u0105c ewangeli\u0119 walczymy z przest\u0119pczo\u015bci\u0105 i niemoralno\u015bci\u0105 (jeden z najwi\u0119kszych ewangelist\u00f3w naszego stulecia, pastor Billy Graham, baptysta, jest tego przyk\u0142adem).<\/span><\/p>\n<p><span style=\"color: #000000;\"><strong>Sk\u0105d nasza nazwa?<\/strong><\/span><\/p>\n<ol>\n<li><span style=\"color: #000000;\">Jest to nawi\u0105zanie do chrztu w takiej formie, w jakiej poznajemy go w Nowym Testamencie &#8211; baptidzo, znaczy: chrzcz\u0119 przez zanurzenie.<\/span><\/li>\n<li><span style=\"color: #000000;\">W historii nazwa ta pojawi\u0142a si\u0119 po raz pierwszy w XVII w. w Anglii i stanowi\u0142a co\u015b w rodzaju przezwiska chrzcze\u0144cy. Z biegiem czasu nazwa ta upowszechni\u0142a si\u0119 jako identyfikuj\u0105ca ca\u0142y ko\u015bci\u00f3\u0142.<\/span><\/li>\n<\/ol>\n<p><span style=\"color: #000000;\">Sami cz\u0142onkowie ruchu w opublikowanym r\u00f3wnie\u017c w Anglii wyznaniu wiary wyja\u015bniali, \u017ce nie pasuje do nich nazwa anabapty\u015bci, i \u017ce lepiej odpowiada\u0142oby okre\u015blenie: chrze\u015bcijanie, kt\u00f3rzy chrzcz\u0105 po uwierzeniu.<\/span><\/p>\n<p><span style=\"color: #000000;\"><strong>Ilu nas jest?<\/strong>\u00a0 Za cz\u0142onk\u00f3w Ko\u015bcio\u0142a uwa\u017camy tych, kt\u00f3rzy uwierzyli i przyj\u0119li chrzest przez zanurzenie w Imi\u0119 Ojca, Syna i Ducha \u015awi\u0119tego. Nie liczymy za cz\u0142onk\u00f3w dzieci, m\u0142odzie\u017cy i przyjaci\u00f3\u0142 naszych wsp\u00f3lnot. Oczywi\u015bcie otaczamy ich wszelk\u0105 opiek\u0105, zwiastujemy im dobr\u0105 nowin\u0119 o Chrystusie zmieniaj\u0105cym \u017cycie i traktujemy jako pozostaj\u0105cych we wsp\u00f3lnocie naszego Ko\u015bcio\u0142a.<\/span><br \/>\n<span style=\"color: #000000;\"> \u2022 \u015awiat: 47 mln (z przyjaci\u00f3\u0142mi, dzie\u0107mi, m\u0142odzie\u017c\u0105 spo\u0142eczno\u015b\u0107 przekracza 100 mln).<\/span><br \/>\n<span style=\"color: #000000;\"> \u2022 Polska: ok. 4000 (z przyjaci\u00f3\u0142mi, dzie\u0107mi, m\u0142odzie\u017c\u0105, ok. 10.000).<\/span><\/p>\n<p><span style=\"color: #000000;\">Zach\u0119camy wszystkich cz\u0142onk\u00f3w wsp\u00f3lnot do zwiastowania ewangelii (poprzez \u015bpiew, pantomim\u0119, teatrzyk dla dzieci, film, literatur\u0119 chrze\u015bcija\u0144sk\u0105) na ulicach, w parkach, na targach, w klubach, w o\u015brodkach kultury, s\u0142owem wsz\u0119dzie tam, gdzie spodziewamy si\u0119 spotka\u0107 ludzi, kt\u00f3rzy ze swoimi problemami nie p\u00f3jd\u0105 nawet do Ko\u015bcio\u0142a. W miar\u0119 potrzeb Zb\u00f3r chrzci ludzi w spos\u00f3b opisany w Nowym Testamencie.<\/span><\/p>\n<p><span style=\"color: #000000;\">W miar\u0119 swoich mo\u017cliwo\u015bci bapty\u015bci \u015bwiadcz\u0105 pomoc charytatywn\u0105 instytucjom, takim jak szpitale, o\u015brodki dla niepe\u0142nosprawnych, oraz ubogim &#8211; r\u00f3wnie\u017c spoza kr\u0119g\u00f3w baptystycznych. \u017bycie moralne nie koncentruje si\u0119 na zakazach.<\/span><\/p>\n<p><span style=\"color: #000000;\">Moc zwiastowanej przez nas ewangelii przekonuje nas w praktyce, \u017ce ludzie zniewoleni przez nikotyn\u0119, doznawszy narodzenia z Ducha \u015awi\u0119tego, odkrywaj\u0105, \u017ce nie musz\u0105 ju\u017c pali\u0107, alkoholicy mog\u0105 nie pi\u0107, narkomani mog\u0105 nie \u0107pa\u0107, a nawet s\u0142abo sytuowane rodziny widz\u0105 dla pocz\u0119tych dzieci przysz\u0142o\u015b\u0107 inn\u0105 ni\u017c zabieg aborcji.<\/span><\/p>\n<p><span style=\"color: #000000;\">\u017ar\u00f3d\u0142o www.k5n.pl<\/span><\/p>\n","protected":false},"excerpt":{"rendered":"<p>Kim s\u0105 bapty\u015bci? Ko\u015bci\u00f3\u0142 Chrze\u015bcijan Baptyst\u00f3w to wsp\u00f3lnota ludzi, kt\u00f3rzy do\u015bwiadczyli nowych duchowych narodzin pod wp\u0142ywem dzia\u0142ania Ducha Bo\u017cego, uwa\u017caj\u0105, \u017ce Pismo \u015awi\u0119te jest wa\u017cniejsze ni\u017c autorytet Ko\u015bcio\u0142a, zwiastuj\u0105 Dobr\u0105 Nowin\u0119 o tym, \u017ce dzi\u0119ki&#46;&#46;&#46;<\/p>\n","protected":false},"author":1,"featured_media":0,"parent":0,"menu_order":0,"comment_status":"closed","ping_status":"open","template":"","meta":[],"_links":{"self":[{"href":"http:\/\/baptysci-wrzesnia.pl\/index.php\/wp-json\/wp\/v2\/pages\/5"}],"collection":[{"href":"http:\/\/baptysci-wrzesnia.pl\/index.php\/wp-json\/wp\/v2\/pages"}],"about":[{"href":"http:\/\/baptysci-wrzesnia.pl\/index.php\/wp-json\/wp\/v2\/types\/page"}],"author":[{"embeddable":true,"href":"http:\/\/baptysci-wrzesnia.pl\/index.php\/wp-json\/wp\/v2\/users\/1"}],"replies":[{"embeddable":true,"href":"http:\/\/baptysci-wrzesnia.pl\/index.php\/wp-json\/wp\/v2\/comments?post=5"}],"version-history":[{"count":8,"href":"http:\/\/baptysci-wrzesnia.pl\/index.php\/wp-json\/wp\/v2\/pages\/5\/revisions"}],"predecessor-version":[{"id":887,"href":"http:\/\/baptysci-wrzesnia.pl\/index.php\/wp-json\/wp\/v2\/pages\/5\/revisions\/887"}],"wp:attachment":[{"href":"http:\/\/baptysci-wrzesnia.pl\/index.php\/wp-json\/wp\/v2\/media?parent=5"}],"curies":[{"name":"wp","href":"https:\/\/api.w.org\/{rel}","templated":true}]}}